{"id":55,"date":"2021-04-09T12:20:30","date_gmt":"2021-04-09T10:20:30","guid":{"rendered":"http:\/\/beta.vehizen.com\/?page_id=55"},"modified":"2021-08-24T09:53:40","modified_gmt":"2021-08-24T07:53:40","slug":"avantages","status":"publish","type":"page","link":"https:\/\/www.vehizen.com\/index.php\/avantages\/","title":{"rendered":"SOLUTION"},"content":{"rendered":"\t\t<div data-elementor-type=\"wp-page\" data-elementor-id=\"55\" class=\"elementor elementor-55\">\n\t\t\t\t\t\t<section class=\"elementor-section elementor-top-section elementor-element elementor-element-c28bb45 elementor-section-full_width elementor-section-height-default elementor-section-height-default\" data-id=\"c28bb45\" data-element_type=\"section\" data-e-type=\"section\" data-settings=\"{&quot;background_background&quot;:&quot;classic&quot;}\">\n\t\t\t\t\t\t<div class=\"elementor-container elementor-column-gap-default\">\n\t\t\t\t\t<div class=\"elementor-column elementor-col-100 elementor-top-column elementor-element elementor-element-8416f51\" data-id=\"8416f51\" data-element_type=\"column\" data-e-type=\"column\" data-settings=\"{&quot;background_background&quot;:&quot;classic&quot;}\">\n\t\t\t<div class=\"elementor-widget-wrap elementor-element-populated\">\n\t\t\t\t\t\t<div class=\"elementor-element elementor-element-1734341 elementor-widget elementor-widget-heading\" data-id=\"1734341\" data-element_type=\"widget\" data-e-type=\"widget\" data-widget_type=\"heading.default\">\n\t\t\t\t<div class=\"elementor-widget-container\">\n\t\t\t\t\t<h2 class=\"elementor-heading-title elementor-size-default\">SOLUTION<\/h2>\t\t\t\t<\/div>\n\t\t\t\t<\/div>\n\t\t\t\t\t<\/div>\n\t\t<\/div>\n\t\t\t\t\t<\/div>\n\t\t<\/section>\n\t\t\t\t<section class=\"elementor-section elementor-top-section elementor-element elementor-element-5339b4b elementor-section-boxed elementor-section-height-default elementor-section-height-default\" data-id=\"5339b4b\" data-element_type=\"section\" data-e-type=\"section\">\n\t\t\t\t\t\t<div class=\"elementor-container elementor-column-gap-default\">\n\t\t\t\t\t<div class=\"elementor-column elementor-col-100 elementor-top-column elementor-element elementor-element-bb92c3f\" data-id=\"bb92c3f\" data-element_type=\"column\" data-e-type=\"column\">\n\t\t\t<div class=\"elementor-widget-wrap elementor-element-populated\">\n\t\t\t\t\t\t<div class=\"elementor-element elementor-element-9f409d7 elementor-widget elementor-widget-heading\" data-id=\"9f409d7\" data-element_type=\"widget\" data-e-type=\"widget\" data-widget_type=\"heading.default\">\n\t\t\t\t<div class=\"elementor-widget-container\">\n\t\t\t\t\t<h2 class=\"elementor-heading-title elementor-size-default\">Une solution fran\u00e7aise\n<\/h2>\t\t\t\t<\/div>\n\t\t\t\t<\/div>\n\t\t\t\t<div class=\"elementor-element elementor-element-4aec114 elementor-widget-divider--view-line elementor-widget elementor-widget-divider\" data-id=\"4aec114\" data-element_type=\"widget\" data-e-type=\"widget\" data-widget_type=\"divider.default\">\n\t\t\t\t<div class=\"elementor-widget-container\">\n\t\t\t\t\t\t\t<div class=\"elementor-divider\">\n\t\t\t<span class=\"elementor-divider-separator\">\n\t\t\t\t\t\t<\/span>\n\t\t<\/div>\n\t\t\t\t\t\t<\/div>\n\t\t\t\t<\/div>\n\t\t\t\t<div class=\"elementor-element elementor-element-a4b2e8a elementor-widget elementor-widget-text-editor\" data-id=\"a4b2e8a\" data-element_type=\"widget\" data-e-type=\"widget\" data-widget_type=\"text-editor.default\">\n\t\t\t\t<div class=\"elementor-widget-container\">\n\t\t\t\t\t\t\t\t\t<p><strong>La conception et le d\u00e9veloppement<\/strong> de notre solution logicielle et mat\u00e9rielle sont r\u00e9alis\u00e9s enti\u00e8rement en France.<\/p>\t\t\t\t\t\t\t\t<\/div>\n\t\t\t\t<\/div>\n\t\t\t\t\t<\/div>\n\t\t<\/div>\n\t\t\t\t\t<\/div>\n\t\t<\/section>\n\t\t\t\t<section class=\"elementor-section elementor-top-section elementor-element elementor-element-f6d0999 elementor-section-boxed elementor-section-height-default elementor-section-height-default\" data-id=\"f6d0999\" data-element_type=\"section\" data-e-type=\"section\" data-settings=\"{&quot;shape_divider_bottom&quot;:&quot;arrow&quot;}\">\n\t\t\t\t\t<div class=\"elementor-shape elementor-shape-bottom\" aria-hidden=\"true\" data-negative=\"false\">\n\t\t\t<svg xmlns=\"http:\/\/www.w3.org\/2000\/svg\" viewBox=\"0 0 700 10\" preserveAspectRatio=\"none\">\n\t<path class=\"elementor-shape-fill\" d=\"M350,10L340,0h20L350,10z\"\/>\n<\/svg>\t\t<\/div>\n\t\t\t\t\t<div class=\"elementor-container elementor-column-gap-default\">\n\t\t\t\t\t<div class=\"elementor-column elementor-col-100 elementor-top-column elementor-element elementor-element-dbe348c\" data-id=\"dbe348c\" data-element_type=\"column\" data-e-type=\"column\">\n\t\t\t<div class=\"elementor-widget-wrap elementor-element-populated\">\n\t\t\t\t\t\t<div class=\"elementor-element elementor-element-f0055fb elementor-widget elementor-widget-text-editor\" data-id=\"f0055fb\" data-element_type=\"widget\" data-e-type=\"widget\" data-widget_type=\"text-editor.default\">\n\t\t\t\t<div class=\"elementor-widget-container\">\n\t\t\t\t\t\t\t\t\t<p>Face \u00e0 la <strong>digitalisation<\/strong> de votre entreprise de transport, vous exprimez un besoin de <strong>simplicit\u00e9<\/strong>. Comment d\u2019un c\u00f4t\u00e9 \u00e9lever le niveau technologique de l\u2019entreprise, donc multiplier les outils et syst\u00e8mes digitaux, sans de l\u2019autre c\u00f4t\u00e9, r\u00e9duire la performance de vos salari\u00e9s noy\u00e9s sous les applications m\u00e9tiers entre lesquelles il faut sans cesse jongler. L\u2019objectif de la digitalisation doit au contraire simplifier l\u2019usage des technologies aujourd\u2019hui impos\u00e9 \u00e0 tous. La solution technique est une plateforme <strong>unique<\/strong>.<\/p>\t\t\t\t\t\t\t\t<\/div>\n\t\t\t\t<\/div>\n\t\t\t\t<div class=\"elementor-element elementor-element-47deb12 elementor-invisible elementor-widget elementor-widget-image\" data-id=\"47deb12\" data-element_type=\"widget\" data-e-type=\"widget\" data-settings=\"{&quot;_animation&quot;:&quot;zoomIn&quot;}\" data-widget_type=\"image.default\">\n\t\t\t\t<div class=\"elementor-widget-container\">\n\t\t\t\t\t\t\t\t\t\t\t\t\t\t\t<img fetchpriority=\"high\" decoding=\"async\" width=\"1030\" height=\"579\" src=\"https:\/\/www.vehizen.com\/wp-content\/uploads\/2021\/06\/Site-vehizen-image-1-1030x579.png\" class=\"attachment-large size-large wp-image-131\" alt=\"\" srcset=\"https:\/\/www.vehizen.com\/wp-content\/uploads\/2021\/06\/Site-vehizen-image-1-1030x579.png 1030w, https:\/\/www.vehizen.com\/wp-content\/uploads\/2021\/06\/Site-vehizen-image-1-600x338.png 600w, https:\/\/www.vehizen.com\/wp-content\/uploads\/2021\/06\/Site-vehizen-image-1-300x169.png 300w, https:\/\/www.vehizen.com\/wp-content\/uploads\/2021\/06\/Site-vehizen-image-1-768x432.png 768w, https:\/\/www.vehizen.com\/wp-content\/uploads\/2021\/06\/Site-vehizen-image-1-1536x864.png 1536w, https:\/\/www.vehizen.com\/wp-content\/uploads\/2021\/06\/Site-vehizen-image-1-1500x844.png 1500w, https:\/\/www.vehizen.com\/wp-content\/uploads\/2021\/06\/Site-vehizen-image-1-705x397.png 705w, https:\/\/www.vehizen.com\/wp-content\/uploads\/2021\/06\/Site-vehizen-image-1.png 1920w\" sizes=\"(max-width: 1030px) 100vw, 1030px\" \/>\t\t\t\t\t\t\t\t\t\t\t\t\t\t\t<\/div>\n\t\t\t\t<\/div>\n\t\t\t\t\t<\/div>\n\t\t<\/div>\n\t\t\t\t\t<\/div>\n\t\t<\/section>\n\t\t\t\t<section class=\"elementor-section elementor-top-section elementor-element elementor-element-d52874e elementor-section-boxed elementor-section-height-default elementor-section-height-default\" data-id=\"d52874e\" data-element_type=\"section\" data-e-type=\"section\">\n\t\t\t\t\t\t<div class=\"elementor-container elementor-column-gap-default\">\n\t\t\t\t\t<div class=\"elementor-column elementor-col-100 elementor-top-column elementor-element elementor-element-ee30104\" data-id=\"ee30104\" data-element_type=\"column\" data-e-type=\"column\">\n\t\t\t<div class=\"elementor-widget-wrap elementor-element-populated\">\n\t\t\t\t\t\t<div class=\"elementor-element elementor-element-5085116 elementor-widget elementor-widget-heading\" data-id=\"5085116\" data-element_type=\"widget\" data-e-type=\"widget\" data-widget_type=\"heading.default\">\n\t\t\t\t<div class=\"elementor-widget-container\">\n\t\t\t\t\t<h2 class=\"elementor-heading-title elementor-size-default\">Une plateforme web unique<\/h2>\t\t\t\t<\/div>\n\t\t\t\t<\/div>\n\t\t\t\t<div class=\"elementor-element elementor-element-4f6f6fb elementor-widget-divider--view-line elementor-widget elementor-widget-divider\" data-id=\"4f6f6fb\" data-element_type=\"widget\" data-e-type=\"widget\" data-widget_type=\"divider.default\">\n\t\t\t\t<div class=\"elementor-widget-container\">\n\t\t\t\t\t\t\t<div class=\"elementor-divider\">\n\t\t\t<span class=\"elementor-divider-separator\">\n\t\t\t\t\t\t<\/span>\n\t\t<\/div>\n\t\t\t\t\t\t<\/div>\n\t\t\t\t<\/div>\n\t\t\t\t\t<\/div>\n\t\t<\/div>\n\t\t\t\t\t<\/div>\n\t\t<\/section>\n\t\t\t\t<section class=\"elementor-section elementor-top-section elementor-element elementor-element-0839f68 elementor-section-boxed elementor-section-height-default elementor-section-height-default\" data-id=\"0839f68\" data-element_type=\"section\" data-e-type=\"section\">\n\t\t\t\t\t\t<div class=\"elementor-container elementor-column-gap-default\">\n\t\t\t\t\t<div class=\"elementor-column elementor-col-100 elementor-top-column elementor-element elementor-element-399c50d\" data-id=\"399c50d\" data-element_type=\"column\" data-e-type=\"column\">\n\t\t\t<div class=\"elementor-widget-wrap elementor-element-populated\">\n\t\t\t\t\t\t<div class=\"elementor-element elementor-element-123c3e4 elementor-tabs-view-horizontal elementor-invisible elementor-widget elementor-widget-tabs\" data-id=\"123c3e4\" data-element_type=\"widget\" data-e-type=\"widget\" data-settings=\"{&quot;_animation&quot;:&quot;fadeIn&quot;}\" data-widget_type=\"tabs.default\">\n\t\t\t\t<div class=\"elementor-widget-container\">\n\t\t\t\t\t\t\t<div class=\"elementor-tabs\">\n\t\t\t<div class=\"elementor-tabs-wrapper\" role=\"tablist\" >\n\t\t\t\t\t\t\t\t\t<div id=\"elementor-tab-title-1911\" class=\"elementor-tab-title elementor-tab-desktop-title\" aria-selected=\"true\" data-tab=\"1\" role=\"tab\" tabindex=\"0\" aria-controls=\"elementor-tab-content-1911\" aria-expanded=\"false\">INTEROPERABILITE<\/div>\n\t\t\t\t\t\t\t\t\t<div id=\"elementor-tab-title-1912\" class=\"elementor-tab-title elementor-tab-desktop-title\" aria-selected=\"false\" data-tab=\"2\" role=\"tab\" tabindex=\"-1\" aria-controls=\"elementor-tab-content-1912\" aria-expanded=\"false\">UN GUICHET UNIQUE<\/div>\n\t\t\t\t\t\t\t\t\t<div id=\"elementor-tab-title-1913\" class=\"elementor-tab-title elementor-tab-desktop-title\" aria-selected=\"false\" data-tab=\"3\" role=\"tab\" tabindex=\"-1\" aria-controls=\"elementor-tab-content-1913\" aria-expanded=\"false\">STRATEGIE ECO-RESPONSABLE<\/div>\n\t\t\t\t\t\t\t\t\t<div id=\"elementor-tab-title-1914\" class=\"elementor-tab-title elementor-tab-desktop-title\" aria-selected=\"false\" data-tab=\"4\" role=\"tab\" tabindex=\"-1\" aria-controls=\"elementor-tab-content-1914\" aria-expanded=\"false\">MULTIMARQUE & MULTIMATERIEL<\/div>\n\t\t\t\t\t\t\t<\/div>\n\t\t\t<div class=\"elementor-tabs-content-wrapper\" role=\"tablist\" aria-orientation=\"vertical\">\n\t\t\t\t\t\t\t\t\t<div class=\"elementor-tab-title elementor-tab-mobile-title\" aria-selected=\"true\" data-tab=\"1\" role=\"tab\" tabindex=\"0\" aria-controls=\"elementor-tab-content-1911\" aria-expanded=\"false\">INTEROPERABILITE<\/div>\n\t\t\t\t\t<div id=\"elementor-tab-content-1911\" class=\"elementor-tab-content elementor-clearfix\" data-tab=\"1\" role=\"tabpanel\" aria-labelledby=\"elementor-tab-title-1911\" tabindex=\"0\" hidden=\"false\"><p>Les <strong>chargeurs<\/strong> demandent le suivi des informations de livraisons pr\u00e9dictives et temps r\u00e9el. La plateforme VEHIZEN vous offre la possibilit\u00e9 de pouvoir activer ces diff\u00e9rentes <strong>interfaces<\/strong> et de ne donner l\u2019acc\u00e8s qu\u2019\u00e0 un certain nombre de v\u00e9hicules de votre flotte.<br \/>La liste des plateformes de suivi de livraison compatibles actuellement sont\u00a0: <strong>OPHONE<\/strong>, <strong>SHIPPEO<\/strong>, <strong>GEFCO, DHL<\/strong>.<\/p>\n<p>D\u00e9sormais connect\u00e9s en usine, les camions de nouvelle g\u00e9n\u00e9ration n\u2019ont plus besoin de bo\u00eetier embarqu\u00e9 en seconde monte pour remonter sur un <strong>portail unique<\/strong> les informations de gestion de flotte.<\/p>\n<p>La d\u00e9mat\u00e9rialisation sur le Cloud de la prise <strong>FMS<\/strong> via le protocole <strong>rFMS<\/strong> (remote Fleet Management System) facilite <strong>l\u2019int\u00e9gration des donn\u00e9es FMS<\/strong> Standard issues de camions de marques diff\u00e9rentes dans une seule solution logicielle de traitement.<\/p>\n<p>VEHIZEN vous offre la possibilit\u00e9 d\u2019exploiter soit les donn\u00e9es rFMS issues des constructeurs directement, soit les donn\u00e9es issues des agr\u00e9gateurs de donn\u00e9es ou soit les donn\u00e9es issues des boitiers VEHIZEN dans le cas o\u00f9 les v\u00e9hicules sont moins r\u00e9cents et ne disposent pas de boitier premi\u00e8re monte.<\/p>\n<p>Dans le cas o\u00f9 votre entreprise utilise des applications logicielles tierces, la plateforme VEHIZEN vous offre une <strong>API<\/strong> riche de fonctionnalit\u00e9s couvrant des besoins sp\u00e9cifiques en mati\u00e8re d\u2019\u00e9coconduite, d\u2019activit\u00e9 temps r\u00e9el, de donn\u00e9es techniques, d\u2019ordre de transport et de donn\u00e9es l\u00e9gales tachygraphe.<\/p><\/div>\n\t\t\t\t\t\t\t\t\t<div class=\"elementor-tab-title elementor-tab-mobile-title\" aria-selected=\"false\" data-tab=\"2\" role=\"tab\" tabindex=\"-1\" aria-controls=\"elementor-tab-content-1912\" aria-expanded=\"false\">UN GUICHET UNIQUE<\/div>\n\t\t\t\t\t<div id=\"elementor-tab-content-1912\" class=\"elementor-tab-content elementor-clearfix\" data-tab=\"2\" role=\"tabpanel\" aria-labelledby=\"elementor-tab-title-1912\" tabindex=\"0\" hidden=\"hidden\"><p>Afin de <strong>faciliter vos d\u00e9marches<\/strong> de mise en place de la solution VEHIZEN dans votre entreprise, nous nous engageons \u00e0 \u00eatre votre porte d\u2019entr\u00e9e. Vous serez ainsi conseill\u00e9 et assist\u00e9 sur les choix financiers, techniques et juridiques.<\/p><\/div>\n\t\t\t\t\t\t\t\t\t<div class=\"elementor-tab-title elementor-tab-mobile-title\" aria-selected=\"false\" data-tab=\"3\" role=\"tab\" tabindex=\"-1\" aria-controls=\"elementor-tab-content-1913\" aria-expanded=\"false\">STRATEGIE ECO-RESPONSABLE<\/div>\n\t\t\t\t\t<div id=\"elementor-tab-content-1913\" class=\"elementor-tab-content elementor-clearfix\" data-tab=\"3\" role=\"tabpanel\" aria-labelledby=\"elementor-tab-title-1913\" tabindex=\"0\" hidden=\"hidden\"><p>L\u2019\u00e9co-responsabilit\u00e9 des entreprises est au c\u0153ur de toutes les discussions&#8230; Quelle que soit la taille de votre entreprise, une strat\u00e9gie RSE est essentielle pour soigner votre image de marque.<\/p>\n<p>Dans ce contexte, la plateforme VEHIZEN vous aidera \u00e0 atteindre les objectifs de votre strat\u00e9gie de transport \u00e9co-responsable \u00e0 travers les diff\u00e9rents modules qu&rsquo;elle propose (\u00e9coconduite, notation conducteur, contr\u00f4le consommation carburant, calcul CO2 etc.)<\/p><\/div>\n\t\t\t\t\t\t\t\t\t<div class=\"elementor-tab-title elementor-tab-mobile-title\" aria-selected=\"false\" data-tab=\"4\" role=\"tab\" tabindex=\"-1\" aria-controls=\"elementor-tab-content-1914\" aria-expanded=\"false\">MULTIMARQUE & MULTIMATERIEL<\/div>\n\t\t\t\t\t<div id=\"elementor-tab-content-1914\" class=\"elementor-tab-content elementor-clearfix\" data-tab=\"4\" role=\"tabpanel\" aria-labelledby=\"elementor-tab-title-1914\" tabindex=\"0\" hidden=\"hidden\"><p>Notre solution est <strong>ind\u00e9pendante des constructeurs<\/strong> et elle s\u2019adresse \u00e0 tout type de mat\u00e9riel (Poids Lourds, v\u00e9hicules utilitaires, v\u00e9hicules l\u00e9gers, v\u00e9hicules \u00e9lectriques, engins de travaux publics, remorques, et de tout type d\u2019objet connect\u00e9).<\/p><\/div>\n\t\t\t\t\t\t\t<\/div>\n\t\t<\/div>\n\t\t\t\t\t\t<\/div>\n\t\t\t\t<\/div>\n\t\t\t\t<div class=\"elementor-element elementor-element-22fd61f elementor-widget elementor-widget-spacer\" data-id=\"22fd61f\" data-element_type=\"widget\" data-e-type=\"widget\" data-widget_type=\"spacer.default\">\n\t\t\t\t<div class=\"elementor-widget-container\">\n\t\t\t\t\t\t\t<div class=\"elementor-spacer\">\n\t\t\t<div class=\"elementor-spacer-inner\"><\/div>\n\t\t<\/div>\n\t\t\t\t\t\t<\/div>\n\t\t\t\t<\/div>\n\t\t\t\t\t<\/div>\n\t\t<\/div>\n\t\t\t\t\t<\/div>\n\t\t<\/section>\n\t\t\t\t<\/div>\n\t\t","protected":false},"excerpt":{"rendered":"<p>SOLUTION Une solution fran\u00e7aise La conception et le d\u00e9veloppement de notre solution logicielle et mat\u00e9rielle sont r\u00e9alis\u00e9s enti\u00e8rement en France. Face \u00e0 la digitalisation de votre entreprise de transport, vous exprimez un besoin de simplicit\u00e9. Comment d\u2019un c\u00f4t\u00e9 \u00e9lever le niveau technologique de l\u2019entreprise, donc multiplier les outils et syst\u00e8mes digitaux, sans de l\u2019autre c\u00f4t\u00e9, [&hellip;]<\/p>\n","protected":false},"author":1,"featured_media":0,"parent":0,"menu_order":0,"comment_status":"closed","ping_status":"closed","template":"","meta":{"footnotes":""},"class_list":["post-55","page","type-page","status-publish","hentry"],"yoast_head":"<!-- This site is optimized with the Yoast SEO plugin v27.3 - https:\/\/yoast.com\/product\/yoast-seo-wordpress\/ -->\n<title>SOLUTION - VEHIZEN<\/title>\n<meta name=\"robots\" content=\"index, follow, max-snippet:-1, max-image-preview:large, max-video-preview:-1\" \/>\n<link rel=\"canonical\" href=\"https:\/\/www.vehizen.com\/index.php\/avantages\/\" \/>\n<meta property=\"og:locale\" content=\"fr_FR\" \/>\n<meta property=\"og:type\" content=\"article\" \/>\n<meta property=\"og:title\" content=\"SOLUTION - VEHIZEN\" \/>\n<meta property=\"og:description\" content=\"SOLUTION Une solution fran\u00e7aise La conception et le d\u00e9veloppement de notre solution logicielle et mat\u00e9rielle sont r\u00e9alis\u00e9s enti\u00e8rement en France. Face \u00e0 la digitalisation de votre entreprise de transport, vous exprimez un besoin de simplicit\u00e9. Comment d\u2019un c\u00f4t\u00e9 \u00e9lever le niveau technologique de l\u2019entreprise, donc multiplier les outils et syst\u00e8mes digitaux, sans de l\u2019autre c\u00f4t\u00e9, [&hellip;]\" \/>\n<meta property=\"og:url\" content=\"https:\/\/www.vehizen.com\/index.php\/avantages\/\" \/>\n<meta property=\"og:site_name\" content=\"VEHIZEN\" \/>\n<meta property=\"article:modified_time\" content=\"2021-08-24T07:53:40+00:00\" \/>\n<meta property=\"og:image\" content=\"http:\/\/beta.vehizen.com\/wp-content\/uploads\/2021\/06\/Site-vehizen-image-1-1030x579.png\" \/>\n<meta name=\"twitter:card\" content=\"summary_large_image\" \/>\n<meta name=\"twitter:label1\" content=\"Dur\u00e9e de lecture estim\u00e9e\" \/>\n\t<meta name=\"twitter:data1\" content=\"3 minutes\" \/>\n<script type=\"application\/ld+json\" class=\"yoast-schema-graph\">{\"@context\":\"https:\\\/\\\/schema.org\",\"@graph\":[{\"@type\":\"WebPage\",\"@id\":\"https:\\\/\\\/www.vehizen.com\\\/index.php\\\/avantages\\\/\",\"url\":\"https:\\\/\\\/www.vehizen.com\\\/index.php\\\/avantages\\\/\",\"name\":\"SOLUTION - VEHIZEN\",\"isPartOf\":{\"@id\":\"https:\\\/\\\/www.vehizen.com\\\/#website\"},\"primaryImageOfPage\":{\"@id\":\"https:\\\/\\\/www.vehizen.com\\\/index.php\\\/avantages\\\/#primaryimage\"},\"image\":{\"@id\":\"https:\\\/\\\/www.vehizen.com\\\/index.php\\\/avantages\\\/#primaryimage\"},\"thumbnailUrl\":\"http:\\\/\\\/beta.vehizen.com\\\/wp-content\\\/uploads\\\/2021\\\/06\\\/Site-vehizen-image-1-1030x579.png\",\"datePublished\":\"2021-04-09T10:20:30+00:00\",\"dateModified\":\"2021-08-24T07:53:40+00:00\",\"breadcrumb\":{\"@id\":\"https:\\\/\\\/www.vehizen.com\\\/index.php\\\/avantages\\\/#breadcrumb\"},\"inLanguage\":\"fr-FR\",\"potentialAction\":[{\"@type\":\"ReadAction\",\"target\":[\"https:\\\/\\\/www.vehizen.com\\\/index.php\\\/avantages\\\/\"]}]},{\"@type\":\"ImageObject\",\"inLanguage\":\"fr-FR\",\"@id\":\"https:\\\/\\\/www.vehizen.com\\\/index.php\\\/avantages\\\/#primaryimage\",\"url\":\"http:\\\/\\\/beta.vehizen.com\\\/wp-content\\\/uploads\\\/2021\\\/06\\\/Site-vehizen-image-1-1030x579.png\",\"contentUrl\":\"http:\\\/\\\/beta.vehizen.com\\\/wp-content\\\/uploads\\\/2021\\\/06\\\/Site-vehizen-image-1-1030x579.png\"},{\"@type\":\"BreadcrumbList\",\"@id\":\"https:\\\/\\\/www.vehizen.com\\\/index.php\\\/avantages\\\/#breadcrumb\",\"itemListElement\":[{\"@type\":\"ListItem\",\"position\":1,\"name\":\"Accueil\",\"item\":\"https:\\\/\\\/www.vehizen.com\\\/\"},{\"@type\":\"ListItem\",\"position\":2,\"name\":\"SOLUTION\"}]},{\"@type\":\"WebSite\",\"@id\":\"https:\\\/\\\/www.vehizen.com\\\/#website\",\"url\":\"https:\\\/\\\/www.vehizen.com\\\/\",\"name\":\"VEHIZEN\",\"description\":\"Le bon sens, connect\u00e9\",\"potentialAction\":[{\"@type\":\"SearchAction\",\"target\":{\"@type\":\"EntryPoint\",\"urlTemplate\":\"https:\\\/\\\/www.vehizen.com\\\/?s={search_term_string}\"},\"query-input\":{\"@type\":\"PropertyValueSpecification\",\"valueRequired\":true,\"valueName\":\"search_term_string\"}}],\"inLanguage\":\"fr-FR\"}]}<\/script>\n<!-- \/ Yoast SEO plugin. -->","yoast_head_json":{"title":"SOLUTION - VEHIZEN","robots":{"index":"index","follow":"follow","max-snippet":"max-snippet:-1","max-image-preview":"max-image-preview:large","max-video-preview":"max-video-preview:-1"},"canonical":"https:\/\/www.vehizen.com\/index.php\/avantages\/","og_locale":"fr_FR","og_type":"article","og_title":"SOLUTION - VEHIZEN","og_description":"SOLUTION Une solution fran\u00e7aise La conception et le d\u00e9veloppement de notre solution logicielle et mat\u00e9rielle sont r\u00e9alis\u00e9s enti\u00e8rement en France. Face \u00e0 la digitalisation de votre entreprise de transport, vous exprimez un besoin de simplicit\u00e9. Comment d\u2019un c\u00f4t\u00e9 \u00e9lever le niveau technologique de l\u2019entreprise, donc multiplier les outils et syst\u00e8mes digitaux, sans de l\u2019autre c\u00f4t\u00e9, [&hellip;]","og_url":"https:\/\/www.vehizen.com\/index.php\/avantages\/","og_site_name":"VEHIZEN","article_modified_time":"2021-08-24T07:53:40+00:00","og_image":[{"url":"http:\/\/beta.vehizen.com\/wp-content\/uploads\/2021\/06\/Site-vehizen-image-1-1030x579.png","type":"","width":"","height":""}],"twitter_card":"summary_large_image","twitter_misc":{"Dur\u00e9e de lecture estim\u00e9e":"3 minutes"},"schema":{"@context":"https:\/\/schema.org","@graph":[{"@type":"WebPage","@id":"https:\/\/www.vehizen.com\/index.php\/avantages\/","url":"https:\/\/www.vehizen.com\/index.php\/avantages\/","name":"SOLUTION - VEHIZEN","isPartOf":{"@id":"https:\/\/www.vehizen.com\/#website"},"primaryImageOfPage":{"@id":"https:\/\/www.vehizen.com\/index.php\/avantages\/#primaryimage"},"image":{"@id":"https:\/\/www.vehizen.com\/index.php\/avantages\/#primaryimage"},"thumbnailUrl":"http:\/\/beta.vehizen.com\/wp-content\/uploads\/2021\/06\/Site-vehizen-image-1-1030x579.png","datePublished":"2021-04-09T10:20:30+00:00","dateModified":"2021-08-24T07:53:40+00:00","breadcrumb":{"@id":"https:\/\/www.vehizen.com\/index.php\/avantages\/#breadcrumb"},"inLanguage":"fr-FR","potentialAction":[{"@type":"ReadAction","target":["https:\/\/www.vehizen.com\/index.php\/avantages\/"]}]},{"@type":"ImageObject","inLanguage":"fr-FR","@id":"https:\/\/www.vehizen.com\/index.php\/avantages\/#primaryimage","url":"http:\/\/beta.vehizen.com\/wp-content\/uploads\/2021\/06\/Site-vehizen-image-1-1030x579.png","contentUrl":"http:\/\/beta.vehizen.com\/wp-content\/uploads\/2021\/06\/Site-vehizen-image-1-1030x579.png"},{"@type":"BreadcrumbList","@id":"https:\/\/www.vehizen.com\/index.php\/avantages\/#breadcrumb","itemListElement":[{"@type":"ListItem","position":1,"name":"Accueil","item":"https:\/\/www.vehizen.com\/"},{"@type":"ListItem","position":2,"name":"SOLUTION"}]},{"@type":"WebSite","@id":"https:\/\/www.vehizen.com\/#website","url":"https:\/\/www.vehizen.com\/","name":"VEHIZEN","description":"Le bon sens, connect\u00e9","potentialAction":[{"@type":"SearchAction","target":{"@type":"EntryPoint","urlTemplate":"https:\/\/www.vehizen.com\/?s={search_term_string}"},"query-input":{"@type":"PropertyValueSpecification","valueRequired":true,"valueName":"search_term_string"}}],"inLanguage":"fr-FR"}]}},"_links":{"self":[{"href":"https:\/\/www.vehizen.com\/index.php\/wp-json\/wp\/v2\/pages\/55","targetHints":{"allow":["GET"]}}],"collection":[{"href":"https:\/\/www.vehizen.com\/index.php\/wp-json\/wp\/v2\/pages"}],"about":[{"href":"https:\/\/www.vehizen.com\/index.php\/wp-json\/wp\/v2\/types\/page"}],"author":[{"embeddable":true,"href":"https:\/\/www.vehizen.com\/index.php\/wp-json\/wp\/v2\/users\/1"}],"replies":[{"embeddable":true,"href":"https:\/\/www.vehizen.com\/index.php\/wp-json\/wp\/v2\/comments?post=55"}],"version-history":[{"count":124,"href":"https:\/\/www.vehizen.com\/index.php\/wp-json\/wp\/v2\/pages\/55\/revisions"}],"predecessor-version":[{"id":2421,"href":"https:\/\/www.vehizen.com\/index.php\/wp-json\/wp\/v2\/pages\/55\/revisions\/2421"}],"wp:attachment":[{"href":"https:\/\/www.vehizen.com\/index.php\/wp-json\/wp\/v2\/media?parent=55"}],"curies":[{"name":"wp","href":"https:\/\/api.w.org\/{rel}","templated":true}]}}